{"id":86,"date":"2025-07-27T22:03:24","date_gmt":"2025-07-27T20:03:24","guid":{"rendered":"http:\/\/piaskowiec.online\/?page_id=86"},"modified":"2025-07-27T22:32:35","modified_gmt":"2025-07-27T20:32:35","slug":"oferta","status":"publish","type":"page","link":"http:\/\/piaskowiec.online\/?page_id=86","title":{"rendered":"Oferta"},"content":{"rendered":"\n<p style=\"font-size:35px\"><strong>Oferujemy wyroby z bia\u0142ego piaskowca, pochodz\u0105cego z w\u0142asnego zlo\u017ca. Kamie\u0144 ten posiada szlachetn\u0105 barw\u0119 i nisk\u0105 nasi\u0105kliwo\u015b\u0107.<\/strong><\/p>\n\n\n\n<p style=\"font-size:34px\">W naszej ofercie znajduj\u0105 si\u0119 przede wszystkim:<\/p>\n\n\n\n<p class=\"has-luminous-vivid-amber-background-color has-background\" style=\"font-size:45px\">tralki, rze\u017aby ogrodowe, donice, kominki, posadzki, grile ogrodowe, schody, parapety i inne wyroby z piaskowca na zam\u00f3wienie<\/p>\n","protected":false},"excerpt":{"rendered":"<p>Oferujemy wyroby z bia\u0142ego piaskowca, pochodz\u0105cego z w\u0142asnego zlo\u017ca. Kamie\u0144 ten posiada szlachetn\u0105 barw\u0119 i nisk\u0105 nasi\u0105kliwo\u015b\u0107. W naszej ofercie znajduj\u0105 si\u0119 przede wszystkim: tralki, rze\u017aby ogrodowe, donice, kominki, posadzki, grile ogrodowe, schody, parapety i inne wyroby z piaskowca na zam\u00f3wienie<\/p>\n","protected":false},"author":1,"featured_media":0,"parent":0,"menu_order":0,"comment_status":"closed","ping_status":"closed","template":"","meta":{"footnotes":""},"class_list":["post-86","page","type-page","status-publish","hentry"],"_links":{"self":[{"href":"http:\/\/piaskowiec.online\/index.php?rest_route=\/wp\/v2\/pages\/86","targetHints":{"allow":["GET"]}}],"collection":[{"href":"http:\/\/piaskowiec.online\/index.php?rest_route=\/wp\/v2\/pages"}],"about":[{"href":"http:\/\/piaskowiec.online\/index.php?rest_route=\/wp\/v2\/types\/page"}],"author":[{"embeddable":true,"href":"http:\/\/piaskowiec.online\/index.php?rest_route=\/wp\/v2\/users\/1"}],"replies":[{"embeddable":true,"href":"http:\/\/piaskowiec.online\/index.php?rest_route=%2Fwp%2Fv2%2Fcomments&post=86"}],"version-history":[{"count":5,"href":"http:\/\/piaskowiec.online\/index.php?rest_route=\/wp\/v2\/pages\/86\/revisions"}],"predecessor-version":[{"id":106,"href":"http:\/\/piaskowiec.online\/index.php?rest_route=\/wp\/v2\/pages\/86\/revisions\/106"}],"wp:attachment":[{"href":"http:\/\/piaskowiec.online\/index.php?rest_route=%2Fwp%2Fv2%2Fmedia&parent=86"}],"curies":[{"name":"wp","href":"https:\/\/api.w.org\/{rel}","templated":true}]}}