{"id":3,"date":"2025-07-27T20:49:22","date_gmt":"2025-07-27T18:49:22","guid":{"rendered":"http:\/\/piaskowiec.online\/?page_id=3"},"modified":"2025-07-27T22:12:13","modified_gmt":"2025-07-27T20:12:13","slug":"kamieniarstwo-laskowski","status":"publish","type":"page","link":"http:\/\/piaskowiec.online\/?page_id=3","title":{"rendered":"KAMIENIARSTWO LASKOWSKI"},"content":{"rendered":"\n<h2 class=\"wp-block-heading\">Witamy na naszej stronie!<\/h2>\n\n\n\n<p class=\"has-luminous-vivid-amber-background-color has-background\" style=\"font-size:38px\">Jeste\u015bmy zak\u0142adem produkcyjnym z ponad trzydziestoletnim do\u015bwiadczeniem.<\/p>\n\n\n\n<p class=\"has-luminous-vivid-amber-background-color has-background\" style=\"font-size:38px\">Nasza dzia\u0142alno\u015b\u0107 opiera si\u0119 na wydobyciu piaskowca z w\u0142asnej kopalni, oraz jego obr\u00f3bce.<\/p>\n\n\n\n<p class=\"has-luminous-vivid-amber-background-color has-background\" style=\"font-size:38px\">Kamie\u0144 kt\u00f3ry oferujemy jest barwy bia\u0142ej lub bia\u0142o-be\u017cowej.<\/p>\n\n\n\n<p class=\"has-luminous-vivid-amber-background-color has-background\" style=\"font-size:38px\">Specjalizujemy si\u0119 w produkcji tralek, balustrad, p\u0142yt elewacyjnych, schod\u00f3w, parapet\u00f3w, komink\u00f3w, i wielu innych.<\/p>\n","protected":false},"excerpt":{"rendered":"<p>Witamy na naszej stronie! Jeste\u015bmy zak\u0142adem produkcyjnym z ponad trzydziestoletnim do\u015bwiadczeniem. Nasza dzia\u0142alno\u015b\u0107 opiera si\u0119 na wydobyciu piaskowca z w\u0142asnej kopalni, oraz jego obr\u00f3bce. Kamie\u0144 kt\u00f3ry oferujemy jest barwy bia\u0142ej lub bia\u0142o-be\u017cowej. Specjalizujemy si\u0119 w produkcji tralek, balustrad, p\u0142yt elewacyjnych, schod\u00f3w, parapet\u00f3w, komink\u00f3w, i wielu innych.<\/p>\n","protected":false},"author":1,"featured_media":0,"parent":0,"menu_order":0,"comment_status":"closed","ping_status":"closed","template":"","meta":{"footnotes":""},"class_list":["post-3","page","type-page","status-publish","hentry"],"_links":{"self":[{"href":"http:\/\/piaskowiec.online\/index.php?rest_route=\/wp\/v2\/pages\/3","targetHints":{"allow":["GET"]}}],"collection":[{"href":"http:\/\/piaskowiec.online\/index.php?rest_route=\/wp\/v2\/pages"}],"about":[{"href":"http:\/\/piaskowiec.online\/index.php?rest_route=\/wp\/v2\/types\/page"}],"author":[{"embeddable":true,"href":"http:\/\/piaskowiec.online\/index.php?rest_route=\/wp\/v2\/users\/1"}],"replies":[{"embeddable":true,"href":"http:\/\/piaskowiec.online\/index.php?rest_route=%2Fwp%2Fv2%2Fcomments&post=3"}],"version-history":[{"count":4,"href":"http:\/\/piaskowiec.online\/index.php?rest_route=\/wp\/v2\/pages\/3\/revisions"}],"predecessor-version":[{"id":94,"href":"http:\/\/piaskowiec.online\/index.php?rest_route=\/wp\/v2\/pages\/3\/revisions\/94"}],"wp:attachment":[{"href":"http:\/\/piaskowiec.online\/index.php?rest_route=%2Fwp%2Fv2%2Fmedia&parent=3"}],"curies":[{"name":"wp","href":"https:\/\/api.w.org\/{rel}","templated":true}]}}