{"id":2,"date":"2025-07-27T20:49:22","date_gmt":"2025-07-27T18:49:22","guid":{"rendered":"http:\/\/piaskowiec.online\/?page_id=2"},"modified":"2025-07-27T21:24:05","modified_gmt":"2025-07-27T19:24:05","slug":"przykladowa-strona","status":"publish","type":"page","link":"http:\/\/piaskowiec.online\/?page_id=2","title":{"rendered":"Kontakt"},"content":{"rendered":"\n<p style=\"font-size:61px\"><strong>KAMIENIARSTWO LASKOWSKI<\/strong><\/p>\n\n\n\n<p><strong><a href=\"https:\/\/www.google.com\/search?sca_esv=4eae28259d0dfe96&amp;rlz=1C1JZAP_plPL1099PL1100&amp;sxsrf=AE3TifNfQU0FFGhVGbQ8yZU_48nGOupnKQ:1753644168996&amp;q=kamieniarstwo+marcin+laskowski+szyd%C5%82%C3%B3wek+adres&amp;ludocid=10739687046737207726&amp;sa=X&amp;ved=2ahUKEwiapoXO4d2OAxVz-IsKHS9ZMWsQ6BN6BAgtEAI\">Adres<\/a>:&nbsp;<\/strong><\/p>\n\n\n\n<p style=\"font-size:31px\"><a href=\"https:\/\/www.google.com\/maps\/place\/\/data=!4m2!3m1!1s0x47184728b29801bb:0x950b0877bba2a1ae?sa=X&amp;ved=1t:8290&amp;ictx=111\">Szyd\u0142\u00f3wek 26, 26-500 Szyd\u0142owiec<\/a><\/p>\n\n\n\n<p style=\"font-size:31px\"><strong>Telefon:\u00a0<a href=\"https:\/\/www.google.com\/search?q=KAMIENIARSTWO+LASKOWSKI&amp;rlz=1C1JZAP_plPL1099PL1100&amp;oq=KAMIENIARSTWO+LASKOWSKI&amp;gs_lcrp=EgZjaHJvbWUyBggAEEUYOTIHCAEQIRigATIHCAIQIRigAdIBCTU4ODdqMGoxNagCCLACAfEFSg1wj_dtaKk&amp;sourceid=chrome&amp;ie=UTF-8#\">609 788 889<\/a><\/strong><\/p>\n","protected":false},"excerpt":{"rendered":"<p>KAMIENIARSTWO LASKOWSKI Adres:&nbsp; Szyd\u0142\u00f3wek 26, 26-500 Szyd\u0142owiec Telefon:\u00a0609 788 889<\/p>\n","protected":false},"author":1,"featured_media":0,"parent":0,"menu_order":0,"comment_status":"closed","ping_status":"open","template":"","meta":{"footnotes":""},"class_list":["post-2","page","type-page","status-publish","hentry"],"_links":{"self":[{"href":"http:\/\/piaskowiec.online\/index.php?rest_route=\/wp\/v2\/pages\/2","targetHints":{"allow":["GET"]}}],"collection":[{"href":"http:\/\/piaskowiec.online\/index.php?rest_route=\/wp\/v2\/pages"}],"about":[{"href":"http:\/\/piaskowiec.online\/index.php?rest_route=\/wp\/v2\/types\/page"}],"author":[{"embeddable":true,"href":"http:\/\/piaskowiec.online\/index.php?rest_route=\/wp\/v2\/users\/1"}],"replies":[{"embeddable":true,"href":"http:\/\/piaskowiec.online\/index.php?rest_route=%2Fwp%2Fv2%2Fcomments&post=2"}],"version-history":[{"count":2,"href":"http:\/\/piaskowiec.online\/index.php?rest_route=\/wp\/v2\/pages\/2\/revisions"}],"predecessor-version":[{"id":60,"href":"http:\/\/piaskowiec.online\/index.php?rest_route=\/wp\/v2\/pages\/2\/revisions\/60"}],"wp:attachment":[{"href":"http:\/\/piaskowiec.online\/index.php?rest_route=%2Fwp%2Fv2%2Fmedia&parent=2"}],"curies":[{"name":"wp","href":"https:\/\/api.w.org\/{rel}","templated":true}]}}